{"id":160,"date":"2015-07-11T12:14:09","date_gmt":"2015-07-11T12:14:09","guid":{"rendered":"http:\/\/www.fmd.nl\/es\/services\/"},"modified":"2022-08-15T14:32:16","modified_gmt":"2022-08-15T14:32:16","slug":"servicios","status":"publish","type":"page","link":"https:\/\/www.fmd.nl\/es\/servicios\/","title":{"rendered":"Servicios"},"content":{"rendered":"<div class=\"csRow\">\n<div class=\"csColumn\" style=\"margin: 0px; padding: 0px; float: left; width: 74.5%; text-align: justify;\" data-csstartpoint=\"0\" data-csendpoint=\"715.5\" data-cswidth=\"74.5%\" data-csid=\"0a4d38ae-e286-7998-9f3e-3e1b25f1b299\">\n<h2>FMD ofrece los siguientes servicios<\/h2>\n<strong><strong><!-- \/wp:post-content --> <!-- wp:list --><\/strong><\/strong>\n<ul>\n \t<li>Ejecuci\u00f3n de proyectos multidisciplinarios de investigaci\u00f3n participativa en diferentes areas: manejo sostenible y conservaci\u00f3n de bosques h\u00famedos tropicales, gesti\u00f3n communitaria de recursos naturales.<\/li>\n \t<li>Desarrollo de cursos de capacitaci\u00f3n para el personal sobre manejo mejorado de bosques h\u00famedos tropicales, gesti\u00f3n communitaria de recursos naturales y enfoques participativos.<\/li>\n \t<li>Sistematizaci\u00f3n de saberes ind\u00edgenas en relaci\u00f3n a recursos naturales.<\/li>\n \t<li>Ejecuci\u00f3n de consultor\u00edas y estudios de corto y largo plazo en formulaci\u00f3n, ejecuci\u00f3n y evaluaci\u00f3n de proyectos.<\/li>\n \t<li>Desarrollo de talleres sobre manejo comunitario de los recursos naturales a partir de los conocimientos y experiencias existentes.<\/li>\n<\/ul>\n<strong><strong><!-- \/wp:list --> <!-- wp:heading --><\/strong><\/strong>\n<h2>Experiencia en Gesti\u00f3n de Programas<\/h2>\n<strong><strong><!-- \/wp:heading --> <!-- wp:paragraph --><\/strong><\/strong>Desde 1989, FMD ha gestionado e implementado m\u00e1s de 60 proyectos en nombre de donantes bilaterales y multilaterales, agencias de la ONU y clientes gubernamentales en m\u00e1s de treinta pa\u00edses de todo el mundo. Estos van desde peque\u00f1os estudios sectoriales hasta proyectos multimillonarios a largo plazo. No dude en contactarnos para obtener m\u00e1s informaci\u00f3n sobre la experiencia espec\u00edfica en un pa\u00eds, regi\u00f3n o sector. Tambi\u00e9n puede consultar la lista de programas en este sitio web.\n\n<strong><!-- \/wp:paragraph --><\/strong>\n\n<\/div>\n<div class=\"csColumnGap\" style=\"margin: 0px; padding: 0px; float: left; width: 1.56%;\"><img decoding=\"async\" style=\"border: none;\" src=\"https:\/\/www.fmd.nl\/wp-content\/plugins\/advanced-wp-columns\/assets\/js\/plugins\/views\/img\/1x1-pixel.png\" alt=\"\" \/><\/div>\n<div class=\"csColumn\" style=\"margin: 0px; padding: 0px; float: left; width: 23.9%;\" data-csstartpoint=\"730.5\" data-csendpoint=\"960\" data-cswidth=\"23.9%\" data-csid=\"a02de339-8027-e0c4-9602-9c0b01bf3ad4\"><a href=\"https:\/\/www.fmd.nl\/wp-content\/uploads\/2015\/07\/Huichol_Woman_artisans.jpg\"><img loading=\"lazy\" decoding=\"async\" class=\"alignleft size-medium wp-image-138\" src=\"https:\/\/www.fmd.nl\/wp-content\/uploads\/2015\/07\/Huichol_Woman_artisans-300x225.jpg\" alt=\"Huichol_Woman_artisans\" width=\"300\" height=\"225\" srcset=\"https:\/\/www.fmd.nl\/wp-content\/uploads\/2015\/07\/Huichol_Woman_artisans-300x225.jpg 300w, https:\/\/www.fmd.nl\/wp-content\/uploads\/2015\/07\/Huichol_Woman_artisans-1024x768.jpg 1024w\" sizes=\"auto, (max-width: 300px) 100vw, 300px\" \/><\/a><a href=\"https:\/\/www.fmd.nl\/wp-content\/uploads\/2015\/07\/Community-led-_Actions_to_end_open_defecation_in_a_village_in_Malawi_1.jpg\"><img loading=\"lazy\" decoding=\"async\" class=\"alignleft size-medium wp-image-123\" src=\"https:\/\/www.fmd.nl\/wp-content\/uploads\/2015\/07\/Community-led-_Actions_to_end_open_defecation_in_a_village_in_Malawi_1-300x200.jpg\" alt=\"Community led _Actions_to_end_open_defecation_in_a_village_in_Malawi_(1)\" width=\"300\" height=\"200\" srcset=\"https:\/\/www.fmd.nl\/wp-content\/uploads\/2015\/07\/Community-led-_Actions_to_end_open_defecation_in_a_village_in_Malawi_1-300x200.jpg 300w, https:\/\/www.fmd.nl\/wp-content\/uploads\/2015\/07\/Community-led-_Actions_to_end_open_defecation_in_a_village_in_Malawi_1-1024x683.jpg 1024w\" sizes=\"auto, (max-width: 300px) 100vw, 300px\" \/><\/a><\/div>\n<div style=\"clear: both; float: none; display: block; visibility: hidden; width: 0px; font-size: 0px; line-height: 0;\"><\/div>\n<\/div>","protected":false},"excerpt":{"rendered":"<p>FMD ofrece los siguientes servicios Ejecuci\u00f3n de proyectos multidisciplinarios de investigaci\u00f3n participativa en diferentes areas: manejo sostenible y conservaci\u00f3n de bosques h\u00famedos tropicales, gesti\u00f3n communitaria de recursos naturales. Desarrollo de cursos de capacitaci\u00f3n para el personal sobre manejo mejorado de bosques h\u00famedos tropicales, gesti\u00f3n communitaria de recursos naturales y enfoques&hellip; <\/p>\n","protected":false},"author":2,"featured_media":0,"parent":0,"menu_order":15,"comment_status":"closed","ping_status":"closed","template":"","meta":{"_monsterinsights_skip_tracking":false,"_monsterinsights_sitenote_active":false,"_monsterinsights_sitenote_note":"","_monsterinsights_sitenote_category":0,"footnotes":""},"class_list":["post-160","page","type-page","status-publish","hentry"],"_links":{"self":[{"href":"https:\/\/www.fmd.nl\/es\/wp-json\/wp\/v2\/pages\/160","targetHints":{"allow":["GET"]}}],"collection":[{"href":"https:\/\/www.fmd.nl\/es\/wp-json\/wp\/v2\/pages"}],"about":[{"href":"https:\/\/www.fmd.nl\/es\/wp-json\/wp\/v2\/types\/page"}],"author":[{"embeddable":true,"href":"https:\/\/www.fmd.nl\/es\/wp-json\/wp\/v2\/users\/2"}],"replies":[{"embeddable":true,"href":"https:\/\/www.fmd.nl\/es\/wp-json\/wp\/v2\/comments?post=160"}],"version-history":[{"count":5,"href":"https:\/\/www.fmd.nl\/es\/wp-json\/wp\/v2\/pages\/160\/revisions"}],"predecessor-version":[{"id":1181,"href":"https:\/\/www.fmd.nl\/es\/wp-json\/wp\/v2\/pages\/160\/revisions\/1181"}],"wp:attachment":[{"href":"https:\/\/www.fmd.nl\/es\/wp-json\/wp\/v2\/media?parent=160"}],"curies":[{"name":"wp","href":"https:\/\/api.w.org\/{rel}","templated":true}]}}