{"id":205,"date":"2015-07-11T12:13:50","date_gmt":"2015-07-11T12:13:50","guid":{"rendered":"http:\/\/www.fmd.nl\/es\/?page_id=205"},"modified":"2022-08-15T13:35:34","modified_gmt":"2022-08-15T13:35:34","slug":"perfil","status":"publish","type":"page","link":"https:\/\/www.fmd.nl\/es\/perfil\/","title":{"rendered":"Perfil"},"content":{"rendered":"<div class=\"csRow\">\n<div class=\"csColumn\" style=\"margin: 0px; padding: 0px; float: left; width: 74.5%; text-align: justify;\" data-csstartpoint=\"0\" data-csendpoint=\"715.5\" data-cswidth=\"74.5%\" data-csid=\"0a4d38ae-e286-7998-9f3e-3e1b25f1b299\">\n<p><strong>Acerca de FMD<\/strong><\/p>\n<p>FMD es un grupo de desarrollo. Reconoce la importancia de establecer redes para compartir modelos de \u201cmejores pr\u00e1cticas\u201d en todos los sectores del desarrollo. Busca establecer redes mediante la formaci\u00f3n de profesionales que, a su vez, compartir\u00e1n sus conocimientos sobre c\u00f3mo \u201cconstruir paisajes localmente\u201d. Las actividades relacionadas con la formaci\u00f3n y la investigaci\u00f3n son la mayor parte del trabajo de FMD. No obstante, un requisito previo para el desarrollo de una formaci\u00f3n significativa es prestar asistencia a las organizaciones locales en la ejecuci\u00f3n de sus programas de desarrollo rural.<\/p>\n<p><strong>Experiencia<\/strong><\/p>\n<p>La experiencia de FMD cubre los campos de la econom\u00eda, las ciencias sociales, la silvicultura, la formulaci\u00f3n de pol\u00edticas, el desarrollo de capacidades y la capacitaci\u00f3n, el desarrollo organizativo e institucional.<\/p>\n<p>Los servicios prestados incluyen an\u00e1lisis de pol\u00edticas, evaluaci\u00f3n ambiental, asesoramiento institucional y programas de formaci\u00f3n. FMD est\u00e1 activo en todo el ciclo del proyecto, desde la identificaci\u00f3n del proyecto, pasando por el dise\u00f1o hasta la implementaci\u00f3n y la evaluaci\u00f3n.<\/p>\n<p><strong>Pa\u00edses<\/strong><\/p>\n<p>Experiencia laboral en Centroam\u00e9rica y Latinoam\u00e9rica (M\u00e9xico, Guatemala, Nicaragua, Panam\u00e1, Per\u00fa, Colombia, Argentina, Chile); \u00c1frica (Ghana, Kenia, Tanzania, Mozambique, Camer\u00fan), Asia (Vietnam, Filipinas, India, Sri Lanka) y Europa (Pa\u00edses Bajos y Portugal).<\/p>\n<p><strong>Principales clientes<\/strong><\/p>\n<p>FMD est\u00e1 activo a nivel mundial en Europa, \u00c1frica, Asia y Am\u00e9rica Latina. FMD ha establecido una amplia base de clientes. Entre sus clientes se encuentran ministerios gubernamentales e instituciones afiliadas, la Comisi\u00f3n Europea, agencias de desarrollo de los pa\u00edses n\u00f3rdicos y Suiza, organizaciones de la ONU como la FAO y el PNUD, instituciones financieras internacionales, como el Banco Mundial, organizaciones no gubernamentales nacionales e internacionales, universidades y empresas privadas.<\/p>\n<\/div>\n<div class=\"csColumnGap\" style=\"margin: 0px; padding: 0px; float: left; width: 1.56%;\"><img decoding=\"async\" style=\"border: none;\" src=\"https:\/\/www.fmd.nl\/wp-content\/plugins\/advanced-wp-columns\/assets\/js\/plugins\/views\/img\/1x1-pixel.png\" alt=\"\"><\/div>\n<div class=\"csColumn\" style=\"margin: 0px; padding: 0px; float: left; width: 23.9%;\" data-csstartpoint=\"730.5\" data-csendpoint=\"960\" data-cswidth=\"23.9%\" data-csid=\"a02de339-8027-e0c4-9602-9c0b01bf3ad4\"><a href=\"https:\/\/www.fmd.nl\/wp-content\/uploads\/2015\/07\/Guat\u00e9mala_women-on-market.jpg\"><img loading=\"lazy\" decoding=\"async\" class=\" wp-image-133 size-medium alignleft\" style=\"margin-top: 0px;\" src=\"https:\/\/www.fmd.nl\/wp-content\/uploads\/2015\/07\/Guat\u00e9mala_women-on-market-300x200.jpg\" alt=\"\" width=\"300\" height=\"200\" srcset=\"https:\/\/www.fmd.nl\/wp-content\/uploads\/2015\/07\/Guat\u00e9mala_women-on-market-300x200.jpg 300w, https:\/\/www.fmd.nl\/wp-content\/uploads\/2015\/07\/Guat\u00e9mala_women-on-market-1024x684.jpg 1024w\" sizes=\"auto, (max-width: 300px) 100vw, 300px\" \/><\/a><a href=\"https:\/\/www.fmd.nl\/wp-content\/uploads\/2015\/07\/Huichol_Woman_artisans.jpg\"><img loading=\"lazy\" decoding=\"async\" class=\" wp-image-138 size-medium alignleft\" src=\"https:\/\/www.fmd.nl\/wp-content\/uploads\/2015\/07\/Huichol_Woman_artisans-300x225.jpg\" alt=\"\" width=\"300\" height=\"225\" srcset=\"https:\/\/www.fmd.nl\/wp-content\/uploads\/2015\/07\/Huichol_Woman_artisans-300x225.jpg 300w, https:\/\/www.fmd.nl\/wp-content\/uploads\/2015\/07\/Huichol_Woman_artisans-1024x768.jpg 1024w\" sizes=\"auto, (max-width: 300px) 100vw, 300px\" \/><\/a><a href=\"https:\/\/www.fmd.nl\/wp-content\/uploads\/2015\/07\/Landscape_in_Sa_Pa_Vietnam.jpg\"><img loading=\"lazy\" decoding=\"async\" class=\" wp-image-142 size-medium alignleft\" src=\"https:\/\/www.fmd.nl\/wp-content\/uploads\/2015\/07\/Landscape_in_Sa_Pa_Vietnam-300x225.jpg\" alt=\"\" width=\"300\" height=\"225\" srcset=\"https:\/\/www.fmd.nl\/wp-content\/uploads\/2015\/07\/Landscape_in_Sa_Pa_Vietnam-300x225.jpg 300w, https:\/\/www.fmd.nl\/wp-content\/uploads\/2015\/07\/Landscape_in_Sa_Pa_Vietnam-1024x768.jpg 1024w, https:\/\/www.fmd.nl\/wp-content\/uploads\/2015\/07\/Landscape_in_Sa_Pa_Vietnam.jpg 1333w\" sizes=\"auto, (max-width: 300px) 100vw, 300px\" \/><img loading=\"lazy\" decoding=\"async\" class=\"alignleft size-medium wp-image-124\" src=\"https:\/\/www.fmd.nl\/wp-content\/uploads\/2015\/07\/Community-Led-Mapping_triggering_process_in_the_Volta_Region_of_Ghana-300x169.jpg\" alt=\"Community Led Mapping_triggering_process_in_the_Volta_Region_of_Ghana\" width=\"300\" height=\"169\" srcset=\"https:\/\/www.fmd.nl\/wp-content\/uploads\/2015\/07\/Community-Led-Mapping_triggering_process_in_the_Volta_Region_of_Ghana-300x169.jpg 300w, https:\/\/www.fmd.nl\/wp-content\/uploads\/2015\/07\/Community-Led-Mapping_triggering_process_in_the_Volta_Region_of_Ghana-1024x576.jpg 1024w\" sizes=\"auto, (max-width: 300px) 100vw, 300px\" \/><img loading=\"lazy\" decoding=\"async\" class=\"alignleft size-medium wp-image-118\" src=\"https:\/\/www.fmd.nl\/wp-content\/uploads\/2015\/07\/Brazilian-Quilombolas-300x201.jpg\" alt=\"Brazilian Quilombolas\" width=\"300\" height=\"201\" srcset=\"https:\/\/www.fmd.nl\/wp-content\/uploads\/2015\/07\/Brazilian-Quilombolas-300x201.jpg 300w, https:\/\/www.fmd.nl\/wp-content\/uploads\/2015\/07\/Brazilian-Quilombolas-1024x688.jpg 1024w\" sizes=\"auto, (max-width: 300px) 100vw, 300px\" \/><\/a><\/div>\n<div style=\"clear: both; float: none; display: block; visibility: hidden; width: 0px; font-size: 0px; line-height: 0;\"><\/div>\n<\/div>\n","protected":false},"excerpt":{"rendered":"<p>Acerca de FMD FMD es un grupo de desarrollo. Reconoce la importancia de establecer redes para compartir modelos de \u201cmejores pr\u00e1cticas\u201d en todos los sectores del desarrollo. Busca establecer redes mediante la formaci\u00f3n de profesionales que, a su vez, compartir\u00e1n sus conocimientos sobre c\u00f3mo \u201cconstruir paisajes localmente\u201d. Las actividades relacionadas&hellip; <\/p>\n","protected":false},"author":2,"featured_media":0,"parent":0,"menu_order":5,"comment_status":"closed","ping_status":"closed","template":"","meta":{"_monsterinsights_skip_tracking":false,"_monsterinsights_sitenote_active":false,"_monsterinsights_sitenote_note":"","_monsterinsights_sitenote_category":0,"footnotes":""},"class_list":["post-205","page","type-page","status-publish","hentry"],"_links":{"self":[{"href":"https:\/\/www.fmd.nl\/es\/wp-json\/wp\/v2\/pages\/205","targetHints":{"allow":["GET"]}}],"collection":[{"href":"https:\/\/www.fmd.nl\/es\/wp-json\/wp\/v2\/pages"}],"about":[{"href":"https:\/\/www.fmd.nl\/es\/wp-json\/wp\/v2\/types\/page"}],"author":[{"embeddable":true,"href":"https:\/\/www.fmd.nl\/es\/wp-json\/wp\/v2\/users\/2"}],"replies":[{"embeddable":true,"href":"https:\/\/www.fmd.nl\/es\/wp-json\/wp\/v2\/comments?post=205"}],"version-history":[{"count":5,"href":"https:\/\/www.fmd.nl\/es\/wp-json\/wp\/v2\/pages\/205\/revisions"}],"predecessor-version":[{"id":1169,"href":"https:\/\/www.fmd.nl\/es\/wp-json\/wp\/v2\/pages\/205\/revisions\/1169"}],"wp:attachment":[{"href":"https:\/\/www.fmd.nl\/es\/wp-json\/wp\/v2\/media?parent=205"}],"curies":[{"name":"wp","href":"https:\/\/api.w.org\/{rel}","templated":true}]}}