{"id":79,"date":"2015-07-11T14:52:38","date_gmt":"2015-07-11T14:52:38","guid":{"rendered":"http:\/\/www.fmd.nl\/es\/?page_id=79"},"modified":"2022-08-15T14:44:40","modified_gmt":"2022-08-15T14:44:40","slug":"enfoque","status":"publish","type":"page","link":"https:\/\/www.fmd.nl\/es\/enfoque\/","title":{"rendered":"Enfoque"},"content":{"rendered":"\n<h2 class=\"wp-block-heading\">Nuestro Enfoque <\/h2>\n\n\n\n<p>Fundamental para el enfoque de FMD es comprender primero las necesidades de nuestros clientes, las partes interesadas y los beneficiarios de nuestro trabajo. No seguimos el enfoque de &#8220;una soluci\u00f3n para todos&#8221;, sino que nos esforzamos por desarrollar soluciones personalizadas que aborden la situaci\u00f3n y el entorno \u00fanicos de cada cliente. Ya sea que nuestro cliente sea un gobierno, una instituci\u00f3n, una comunidad o un individuo, ponemos un fuerte \u00e9nfasis en el desarrollo de capacidades y los enfoques participativos para desarrollar soluciones impulsadas por el cliente y que aborden sus necesidades y desaf\u00edos. Incorporamos a las partes interesadas en el dise\u00f1o de nuestro proyecto y ponemos gran \u00e9nfasis en involucrar a los beneficiarios en la planificaci\u00f3n y toma de decisiones del proyecto.<\/p>\n\n\n\n<div class=\"wp-block-columns is-layout-flex wp-container-core-columns-is-layout-9d6595d7 wp-block-columns-is-layout-flex\">\n<div class=\"wp-block-column is-layout-flow wp-block-column-is-layout-flow\" style=\"flex-basis:66.66%\">\n<p><\/p>\n\n\n\n<h2 class=\"wp-block-heading\">Nuestro enfoque nos permite: <\/h2>\n\n\n\n<ul class=\"wp-block-list\"><li>Ayudar a los ciudadanos a unirse para articular sus necesidades, movilizar sus recursos y planificar y gestionar el cambio; <\/li><li>Trabajar con nuestros clientes para identificar y comprender las necesidades y desarrollar un plan de implementaci\u00f3n orientado a la soluci\u00f3n para abordar esas necesidades; y <\/li><li>Afacilitar el fortalecimiento y la reforma institucional para ayudar a los gobiernos a mejorar la gobernanza y promover una gesti\u00f3n eficaz de los recursos.<\/li><\/ul>\n\n\n\n<h2 class=\"wp-block-heading\">Nuestras fuerzas<\/h2>\n\n\n\n<ul class=\"wp-block-list\"><li>Una historia comprobada de entrega de proyectos de <strong>calidad <\/strong>tanto en econom\u00edas en desarrollo como en transici\u00f3n;<\/li><li>Excelencia profesional con una fuerte capacidad multidisciplinar;<\/li><li>Un \u00e9nfasis en el desarrollo de capacidades, los enfoques participativos y el trabajo con consultores, instituciones y empresas locales para garantizar que se desarrolle la experiencia en el pa\u00eds, se apliquen soluciones locales y se logren resultados sostenibles;<\/li><li>Un \u00e9nfasis en el desarrollo de capacidades, los enfoques participativos y el trabajo con consultores, instituciones y empresas locales para garantizar que se desarrolle la experiencia en el pa\u00eds, se apliquen soluciones locales y se logren resultados sostenibles;<\/li><li>Competencia ling\u00fc\u00edstica en ingl\u00e9s, holand\u00e9s, franc\u00e9s, espa\u00f1ol y portugu\u00e9s, con sensibilidad a las cuestiones culturales y de g\u00e9nero.<\/li><\/ul>\n\n\n\n<p><\/p>\n\n\n\n<p>Algunos folletos sobre nuestro enfoque: <\/p>\n\n\n\n<ul class=\"wp-block-list\"><li>General folder of FMD Consultants. <a href=\"https:\/\/www.fmd.nl\/wp-content\/uploads\/2021\/12\/FMD-General-folder-.pdf\" data-type=\"URL\" data-id=\"https:\/\/www.fmd.nl\/wp-content\/uploads\/2021\/12\/FMD-General-folder-.pdf\">Download PDF.<\/a><\/li><\/ul>\n\n\n\n<ul class=\"wp-block-list\"><li>Participatory Learning Approach to Enhance Local Initiatives, folder FMD Consultants. <a href=\"https:\/\/www.fmd.nl\/wp-content\/uploads\/2021\/12\/FMD-Training-approach-spiral-of-learning-1.pdf\" data-type=\"URL\" data-id=\"https:\/\/www.fmd.nl\/wp-content\/uploads\/2021\/12\/FMD-Training-approach-spiral-of-learning-1.pdf\">Download PDF.<\/a><\/li><\/ul>\n\n\n\n<ul class=\"wp-block-list\"><li>Participatory Tools for Social Forestry, Folder for ELI course, FMD Consultants. <a href=\"https:\/\/www.fmd.nl\/wp-content\/uploads\/2021\/12\/Folder-FMD-Enhancing-Local-Initiatives-Participatory-Tools-for-Social-Forestry-1.pdf\" data-type=\"URL\" data-id=\"https:\/\/www.fmd.nl\/wp-content\/uploads\/2021\/12\/Folder-FMD-Enhancing-Local-Initiatives-Participatory-Tools-for-Social-Forestry-1.pdf\">Download PDF.<\/a> <\/li><\/ul>\n<\/div>\n\n\n\n<div class=\"wp-block-column is-layout-flow wp-block-column-is-layout-flow\" style=\"flex-basis:33.33%\"><div class=\"wp-block-image\">\n<figure class=\"alignleft\"><img loading=\"lazy\" decoding=\"async\" width=\"300\" height=\"225\" src=\"https:\/\/www.fmd.nl\/wp-content\/uploads\/2015\/07\/DSCN3128-300x225.jpg\" alt=\"DSCN3128\" class=\"wp-image-62\" srcset=\"https:\/\/www.fmd.nl\/wp-content\/uploads\/2015\/07\/DSCN3128-300x225.jpg 300w, https:\/\/www.fmd.nl\/wp-content\/uploads\/2015\/07\/DSCN3128-1024x768.jpg 1024w\" sizes=\"auto, (max-width: 300px) 100vw, 300px\" \/><\/figure>\n<\/div>\n\n<div class=\"wp-block-image\">\n<figure class=\"alignleft\"><img loading=\"lazy\" decoding=\"async\" width=\"300\" height=\"225\" src=\"https:\/\/www.fmd.nl\/wp-content\/uploads\/2015\/07\/Indian-women-seperating-rice-300x225.jpg\" alt=\"Indian women seperating rice\" class=\"wp-image-139\" srcset=\"https:\/\/www.fmd.nl\/wp-content\/uploads\/2015\/07\/Indian-women-seperating-rice-300x225.jpg 300w, https:\/\/www.fmd.nl\/wp-content\/uploads\/2015\/07\/Indian-women-seperating-rice-1024x768.jpg 1024w\" sizes=\"auto, (max-width: 300px) 100vw, 300px\" \/><\/figure>\n<\/div><\/div>\n<\/div>\n","protected":false},"excerpt":{"rendered":"<p>Nuestro Enfoque Fundamental para el enfoque de FMD es comprender primero las necesidades de nuestros clientes, las partes interesadas y los beneficiarios de nuestro trabajo. No seguimos el enfoque de &#8220;una soluci\u00f3n para todos&#8221;, sino que nos esforzamos por desarrollar soluciones personalizadas que aborden la situaci\u00f3n y el entorno \u00fanicos&hellip; <\/p>\n","protected":false},"author":2,"featured_media":0,"parent":0,"menu_order":10,"comment_status":"closed","ping_status":"closed","template":"","meta":{"_monsterinsights_skip_tracking":false,"_monsterinsights_sitenote_active":false,"_monsterinsights_sitenote_note":"","_monsterinsights_sitenote_category":0,"footnotes":""},"class_list":["post-79","page","type-page","status-publish","hentry"],"_links":{"self":[{"href":"https:\/\/www.fmd.nl\/es\/wp-json\/wp\/v2\/pages\/79","targetHints":{"allow":["GET"]}}],"collection":[{"href":"https:\/\/www.fmd.nl\/es\/wp-json\/wp\/v2\/pages"}],"about":[{"href":"https:\/\/www.fmd.nl\/es\/wp-json\/wp\/v2\/types\/page"}],"author":[{"embeddable":true,"href":"https:\/\/www.fmd.nl\/es\/wp-json\/wp\/v2\/users\/2"}],"replies":[{"embeddable":true,"href":"https:\/\/www.fmd.nl\/es\/wp-json\/wp\/v2\/comments?post=79"}],"version-history":[{"count":10,"href":"https:\/\/www.fmd.nl\/es\/wp-json\/wp\/v2\/pages\/79\/revisions"}],"predecessor-version":[{"id":1189,"href":"https:\/\/www.fmd.nl\/es\/wp-json\/wp\/v2\/pages\/79\/revisions\/1189"}],"wp:attachment":[{"href":"https:\/\/www.fmd.nl\/es\/wp-json\/wp\/v2\/media?parent=79"}],"curies":[{"name":"wp","href":"https:\/\/api.w.org\/{rel}","templated":true}]}}