{"id":93,"date":"2015-07-11T12:13:30","date_gmt":"2015-07-11T12:13:30","guid":{"rendered":"http:\/\/www.fmd.nl\/es\/home\/"},"modified":"2022-08-14T17:01:20","modified_gmt":"2022-08-14T17:01:20","slug":"home","status":"publish","type":"page","link":"https:\/\/www.fmd.nl\/es\/","title":{"rendered":"Home"},"content":{"rendered":"\n<div class=\"wp-block-columns is-layout-flex wp-container-core-columns-is-layout-9d6595d7 wp-block-columns-is-layout-flex\">\n<div class=\"wp-block-column is-layout-flow wp-block-column-is-layout-flow\" style=\"flex-basis:75%\">\n<p>FMD Consultants es una organizaci\u00f3n independiente de expertos sin \u00e1nimo de lucro, que trabaja a nivel mundial desde 1989. Concentra sus actividades en el desarrollo e implementaci\u00f3n de investigaci\u00f3n y formaci\u00f3n en enfoques participativos, com\u00fanmente conocido como la Investigaci\u00f3n Acci\u00f3n Participativa (IAP) y Educaci\u00f3n Popular. Su principal \u00e9nfasis se ha puesto en responder a los nuevos retos de la aplicaci\u00f3n de los enfoques participativos en el campo.<\/p>\n\n\n\n<p>Inicialmente FMD ha implementado los enfoques participativa pr\u00e1ctica en el \u00e1rea de los recursos naturales y la silvicultura social. Sin embargo, como el inter\u00e9s en otros sectores en el Sur ha crecido, tambi\u00e9n ha trasladado a la gesti\u00f3n de los recursos h\u00eddricos, las diferentes \u00e1reas de investigaci\u00f3n para el desarrollo y el sector urbano.<\/p>\n\n\n\n<p>En los Pa\u00edses Bajos, FMD se ha entregado al entorno urbano a trav\u00e9s de la planificaci\u00f3n interactiva a nivel de barrio.<\/p>\n\n\n\n<p>Adem\u00e1s, FMD ofrece apoyo a la formaci\u00f3n de instituciones que est\u00e1n seriamente interesados \u200b\u200ben hacer el PAR su metodolog\u00eda principal. En todo el trabajo de FMD se ha dejado inspirar en gran medida a trav\u00e9s de su estrecha colaboraci\u00f3n con colegas del Sur.<\/p>\n<\/div>\n\n\n\n<div class=\"wp-block-column is-layout-flow wp-block-column-is-layout-flow\" style=\"flex-basis:25%\"><\/div>\n<\/div>\n\n\n\n<p><\/p>\n","protected":false},"excerpt":{"rendered":"<p>FMD Consultants es una organizaci\u00f3n independiente de expertos sin \u00e1nimo de lucro, que trabaja a nivel mundial desde 1989. Concentra sus actividades en el desarrollo e implementaci\u00f3n de investigaci\u00f3n y formaci\u00f3n en enfoques participativos, com\u00fanmente conocido como la Investigaci\u00f3n Acci\u00f3n Participativa (IAP) y Educaci\u00f3n Popular. Su principal \u00e9nfasis se ha&hellip; <\/p>\n","protected":false},"author":2,"featured_media":0,"parent":0,"menu_order":0,"comment_status":"closed","ping_status":"open","template":"","meta":{"_monsterinsights_skip_tracking":false,"_monsterinsights_sitenote_active":false,"_monsterinsights_sitenote_note":"","_monsterinsights_sitenote_category":0,"footnotes":""},"class_list":["post-93","page","type-page","status-publish","hentry"],"_links":{"self":[{"href":"https:\/\/www.fmd.nl\/es\/wp-json\/wp\/v2\/pages\/93","targetHints":{"allow":["GET"]}}],"collection":[{"href":"https:\/\/www.fmd.nl\/es\/wp-json\/wp\/v2\/pages"}],"about":[{"href":"https:\/\/www.fmd.nl\/es\/wp-json\/wp\/v2\/types\/page"}],"author":[{"embeddable":true,"href":"https:\/\/www.fmd.nl\/es\/wp-json\/wp\/v2\/users\/2"}],"replies":[{"embeddable":true,"href":"https:\/\/www.fmd.nl\/es\/wp-json\/wp\/v2\/comments?post=93"}],"version-history":[{"count":10,"href":"https:\/\/www.fmd.nl\/es\/wp-json\/wp\/v2\/pages\/93\/revisions"}],"predecessor-version":[{"id":1165,"href":"https:\/\/www.fmd.nl\/es\/wp-json\/wp\/v2\/pages\/93\/revisions\/1165"}],"wp:attachment":[{"href":"https:\/\/www.fmd.nl\/es\/wp-json\/wp\/v2\/media?parent=93"}],"curies":[{"name":"wp","href":"https:\/\/api.w.org\/{rel}","templated":true}]}}